{"id":2791,"date":"2015-02-11T18:58:49","date_gmt":"2015-02-11T16:58:49","guid":{"rendered":"http:\/\/tyopaikkakiusatut.net\/?page_id=2791"},"modified":"2017-08-19T13:22:55","modified_gmt":"2017-08-19T13:22:55","slug":"aloitteen-tekijat","status":"publish","type":"page","link":"https:\/\/tyopaikkakiusatut.net\/TPK\/aloitteen-tekijat\/","title":{"rendered":"Aloitteen tekij\u00e4t"},"content":{"rendered":"<p><strong>Heikki Dillstr\u00f6m<\/strong> Olen ollut Ty\u00f6paikkakiusatut.net sivuston yll\u00e4pit\u00e4j\u00e4 jo vuodesta 2005, sivustolla k\u00e4y vuosittain noin 50 &#8211; 60 tuhatta lukijaa. Olen tuonut henkist\u00e4 v\u00e4kivaltaa esille Ty\u00f6paikkakiusatut.net sivuston, facebookryhm\u00e4n sek\u00e4 lukuisten Radio- TV- ja lehtihaastattelujen kautta. Olen my\u00f6s osallistunut mm. Ty\u00f6ministeri\u00f6n Hyv\u00e4n Ty\u00f6n Manifestiin ja esitelm\u00f6inyt aiheesta Eduskunnan Pikkuparlamentissa.<\/p>\n<p><strong>Sirpa Polo<\/strong> Olen koulutukseltani kasv. maist. ja fil. tri. Erityisalani on aikuisten ammattikasvatus, siin\u00e4 koulutuksen kehitt\u00e4minen, toteuttaminen ja rahoitus. Ty\u00f6ss\u00e4ni olen toiminut erilaisissa teht\u00e4viss\u00e4 suunnittelijana, kouluttajana, projektien johtajana ja rahoituksen hankekoordinaattorina. Erityisen innostunut olen ajattelun ja k\u00e4ytt\u00e4ytymisen muutokseen liittyvist\u00e4 teemoista, kuten jatkuva oppiminen, sosiaalinen vuorovaikutus ja min\u00e4n merkitys ihmisen\u00e4 ja ammattilaisena kehittymisess\u00e4. Mottoni on KIINNIT\u00c4 HUOMIOTA!<\/p>\n<p>Olen tietokirjailija, kirjoittanut kirjat:<br \/>\nNarsisti esimiehen\u00e4. Miten vapauduin ty\u00f6paikkahelvetist\u00e4. (2011 Minervakustannus)<br \/>\nNarsistin uhrista selviytyj\u00e4ksi. (2013 Minervakustannus)<\/p>\n<p>Ennen asianajotoimisto Juntura Oy:n lakimieheksi siirtymist\u00e4 <strong>Sanna Luoma<\/strong> on ty\u00f6skennellyt kihlakunnansyytt\u00e4j\u00e4n\u00e4 v. 2010 &#8211; 2013 Lapin ja Oulun syytt\u00e4j\u00e4nvirastoissa, joten yksi Sannan vahvimmista osaamisaloista on rikosasioiden hoitaminen ja oikeudenk\u00e4ynneiss\u00e4 edustaminen. Lis\u00e4ksi Sanna on toiminut lakimiehen\u00e4 asianajotoimisto von und zu Fraunberg Ylisuvanto ja Juntura Oy:ss\u00e4 vuosina 2008 &#8211; 2010, avustavana lakimiehen asianajotoimisto Hiukka &amp; Sandstr\u00f6m Oy:ss v. 2006 &#8211; 2007 sek\u00e4 Oulunseudun oikeusaputoimistossa v. 2005. Sanna on suorittanut tuomioistuinharjoittelun v. 2007 -2008 Rovaniemen k\u00e4r\u00e4j\u00e4oikeudessa. Sanna on aktiivisesti mukana monenlaisessa vapaaehtoisty\u00f6ss\u00e4, kuten esimerkiksi valtakunnallisessa Rikosuhrip\u00e4ivystyksess\u00e4 sek\u00e4 Lapin Ensi- ja turvakodin vapaaehtoistoiminnassa.<\/p>\n<p><strong>Mika Kivikoski<\/strong> toimii asianajajana asianajotoimisto Salo &#038; Kivikoski Oy:ss\u00e4. Olen jatkanut toimistomme toimintaa edesmenneen yhti\u00f6kumppanini asianajaja Markku Salon perint\u00f6n\u00e4. Omaa erityisalaani ovat olleet esimerkiksi ty\u00f6turvallisuuslains\u00e4\u00e4d\u00e4nt\u00f6\u00e4 koskevat asiat kuten esimerkiksi ty\u00f6paikkakiusaamiseen liittyv\u00e4t asiat. Olen ollut asianomistajan avustajana Suomen ensimm\u00e4isess\u00e4 jutussa, jossa vastaaja on tuomittu asianomistajan henkisest\u00e4 pahoinpitelyst\u00e4.<\/p>\n<p><strong>Riitta Hyv\u00e4rinen<\/strong> on kasvatustieteiden maisteri ja toiminut aikuiskoulutuksen, ty\u00f6hyvinvoinnin ja ty\u00f6ss\u00e4jaksamisen parissa. Riitta Hyv\u00e4rinen tuo ryhm\u00e4\u00e4n kokemusta ja n\u00e4kemyst\u00e4 ty\u00f6hyvinvoinnin merkityksest\u00e4 sek\u00e4 mit\u00e4 sen puuttuminen aiheuttaa ty\u00f6paikassa ja ty\u00f6ntekij\u00e4ss\u00e4.<\/p>\n<p><strong>Brita Jokinen<\/strong>, FM, ekonomi on freelance-toimittaja ja kirjoittaa nykyisin mm NUT-lehteen, joka on Narsistien Uhrien Tuki ry:n j\u00e4senlehti. H\u00e4n pit\u00e4\u00e4 esityksi\u00e4 narsismista, t\u00e4n\u00e4 kev\u00e4\u00e4n\u00e4 Helsingin Ty\u00f6v\u00e4enopistossa ja psykologian opiskelijoille Vuosaaren lukiossa. Yleisradion toimittajana h\u00e4n on tehnyt YLE:n El\u00e4v\u00e4st\u00e4 arkistosta l\u00f6ytyv\u00e4n ohjelmasarjan Kiusaaja keskell\u00e4mme, joka k\u00e4sittelee kiusaamista ja luonneh\u00e4iri\u00f6t\u00e4 ty\u00f6paikalla, perheess\u00e4, seurakunnissa ja nuorisossa.<\/p>\n<p>H\u00e4n on tietokirjailija ja tehnyt kaksi kirjaa:<br \/>\nKiusaaja keskell\u00e4mme (WSOY, 2007) Kirja on k\u00e4\u00e4nnetty viron kielelle (Kiusaaja meie seas (Varrak, 2008), Narsisti keskell\u00e4mme (Minerva, 2012).<\/p>\n","protected":false},"excerpt":{"rendered":"<p>Heikki Dillstr\u00f6m Olen ollut Ty\u00f6paikkakiusatut.net sivuston yll\u00e4pit\u00e4j\u00e4 jo vuodesta 2005, sivustolla k\u00e4y vuosittain noin 50 &#8211; 60 tuhatta lukijaa. Olen tuonut henkist\u00e4 v\u00e4kivaltaa esille Ty\u00f6paikkakiusatut.net sivuston, facebookryhm\u00e4n sek\u00e4 lukuisten Radio- TV- ja lehtihaastattelujen kautta. Olen my\u00f6s osallistunut mm. Ty\u00f6ministeri\u00f6n Hyv\u00e4n &hellip; <a href=\"https:\/\/tyopaikkakiusatut.net\/TPK\/aloitteen-tekijat\/\">Lue loppuun <span class=\"meta-nav\">&rarr;<\/span><\/a><\/p>\n","protected":false},"author":1,"featured_media":0,"parent":0,"menu_order":0,"comment_status":"open","ping_status":"open","template":"","meta":[],"_links":{"self":[{"href":"https:\/\/tyopaikkakiusatut.net\/TPK\/wp-json\/wp\/v2\/pages\/2791"}],"collection":[{"href":"https:\/\/tyopaikkakiusatut.net\/TPK\/wp-json\/wp\/v2\/pages"}],"about":[{"href":"https:\/\/tyopaikkakiusatut.net\/TPK\/wp-json\/wp\/v2\/types\/page"}],"author":[{"embeddable":true,"href":"https:\/\/tyopaikkakiusatut.net\/TPK\/wp-json\/wp\/v2\/users\/1"}],"replies":[{"embeddable":true,"href":"https:\/\/tyopaikkakiusatut.net\/TPK\/wp-json\/wp\/v2\/comments?post=2791"}],"version-history":[{"count":4,"href":"https:\/\/tyopaikkakiusatut.net\/TPK\/wp-json\/wp\/v2\/pages\/2791\/revisions"}],"predecessor-version":[{"id":3070,"href":"https:\/\/tyopaikkakiusatut.net\/TPK\/wp-json\/wp\/v2\/pages\/2791\/revisions\/3070"}],"wp:attachment":[{"href":"https:\/\/tyopaikkakiusatut.net\/TPK\/wp-json\/wp\/v2\/media?parent=2791"}],"curies":[{"name":"wp","href":"https:\/\/api.w.org\/{rel}","templated":true}]}}